{"id":992,"date":"2019-09-27T16:27:20","date_gmt":"2019-09-27T14:27:20","guid":{"rendered":"http:\/\/zolamap.zici.fr\/blog\/?page_id=992"},"modified":"2026-02-25T18:09:46","modified_gmt":"2026-02-25T17:09:46","slug":"adhesion","status":"publish","type":"page","link":"https:\/\/zolamap.fr\/index.php\/adhesion\/","title":{"rendered":"Adh\u00e9sion \u00e9t\u00e9 2026 et hiver 2026 \/ 2027"},"content":{"rendered":"<div class=\"post-content\">\n<p>L&rsquo;adh\u00e9sion nous sert \u00e0 deux choses : <\/p>\n\n\n\n<ul class=\"wp-block-list\">\n<li>adh\u00e9rer au r\u00e9seau r\u00e9gional des AMAPs pour nous permettre, par exemple, d&rsquo;avoir une assurance pour occuper la cour de l&rsquo;\u00e9cole.<\/li>\n\n\n\n<li>retrouver des produits de l&rsquo;amap sur les tables des pots. Vous retrouvez les dates de pots dans le <a rel=\"noreferrer noopener\" aria-label=\" (s\u2019ouvre dans un nouvel onglet)\" href=\"https:\/\/13185511.admin.sd3.gpaas.net\/vhosts\/zolamap.fr\/htdocs\/index.php\/events\/\" target=\"_blank\">Calendrier <\/a>des distributions.<\/li>\n<\/ul>\n\n\n\n<p><strong>Elle est valable pour l&rsquo;ann\u00e9e compl\u00e8te et couvre les contrats \u00e9t\u00e9 et hiver. <\/strong><\/p>\n\n\n\n<p><strong>L&rsquo;adh\u00e9sion est indispensable pour souscrire \u00e0 un contrat. <\/strong><\/p>\n\n\n\n<p><\/p>\n\n\n\n<div class=\"wp-block-buttons is-layout-flex wp-block-buttons-is-layout-flex\">\n<div class=\"wp-block-button\"><a class=\"wp-block-button__link wp-element-button\" href=\"https:\/\/www.helloasso.com\/associations\/zolamap\/adhesions\/adhesion-zolamap-ete-2026-et-hiver-2026-2027\">Cliquez ici pour adh\u00e9rer !<\/a><\/div>\n<\/div>\n\n\n\n\n\n<figure class=\"wp-block-image size-full\"><img loading=\"lazy\" decoding=\"async\" width=\"600\" height=\"600\" src=\"https:\/\/zolamap.fr\/wp-content\/uploads\/2026\/02\/qrcode.png\" alt=\"\" class=\"wp-image-17790\" srcset=\"https:\/\/zolamap.fr\/wp-content\/uploads\/2026\/02\/qrcode.png 600w, https:\/\/zolamap.fr\/wp-content\/uploads\/2026\/02\/qrcode-300x300.png 300w, https:\/\/zolamap.fr\/wp-content\/uploads\/2026\/02\/qrcode-150x150.png 150w\" sizes=\"auto, (max-width: 600px) 100vw, 600px\" \/><\/figure>\n<\/div>","protected":false},"excerpt":{"rendered":"<p>L&rsquo;adh\u00e9sion nous sert \u00e0 deux choses : Elle est valable<a href=\"https:\/\/zolamap.fr\/index.php\/adhesion\/\">Read More<i class=\"fa fa-long-arrow-right\" aria-hidden=\"true\"><\/i><\/a><\/p>\n","protected":false},"author":1,"featured_media":0,"parent":0,"menu_order":0,"comment_status":"closed","ping_status":"closed","template":"","meta":{"footnotes":""},"class_list":["post-992","page","type-page","status-publish","hentry"],"_links":{"self":[{"href":"https:\/\/zolamap.fr\/index.php\/wp-json\/wp\/v2\/pages\/992","targetHints":{"allow":["GET"]}}],"collection":[{"href":"https:\/\/zolamap.fr\/index.php\/wp-json\/wp\/v2\/pages"}],"about":[{"href":"https:\/\/zolamap.fr\/index.php\/wp-json\/wp\/v2\/types\/page"}],"author":[{"embeddable":true,"href":"https:\/\/zolamap.fr\/index.php\/wp-json\/wp\/v2\/users\/1"}],"replies":[{"embeddable":true,"href":"https:\/\/zolamap.fr\/index.php\/wp-json\/wp\/v2\/comments?post=992"}],"version-history":[{"count":3,"href":"https:\/\/zolamap.fr\/index.php\/wp-json\/wp\/v2\/pages\/992\/revisions"}],"predecessor-version":[{"id":17791,"href":"https:\/\/zolamap.fr\/index.php\/wp-json\/wp\/v2\/pages\/992\/revisions\/17791"}],"wp:attachment":[{"href":"https:\/\/zolamap.fr\/index.php\/wp-json\/wp\/v2\/media?parent=992"}],"curies":[{"name":"wp","href":"https:\/\/api.w.org\/{rel}","templated":true}]}}