{"id":603,"date":"2019-01-16T14:15:18","date_gmt":"2019-01-16T13:15:18","guid":{"rendered":"http:\/\/zolamap.zici.fr\/blog\/?page_id=603"},"modified":"2025-03-14T19:02:16","modified_gmt":"2025-03-14T18:02:16","slug":"vos-referents","status":"publish","type":"page","link":"https:\/\/zolamap.fr\/index.php\/vos-referents\/","title":{"rendered":"Vos R\u00e9f\u00e9rents"},"content":{"rendered":"<div class=\"post-content\"><h2>Qu&rsquo;est-ce qu&rsquo;un r\u00e9f\u00e9rent ou une r\u00e9f\u00e9rente ?<\/h2>\n<p>C&rsquo;est un adh\u00e9rent ou une adh\u00e9rente de l&rsquo;AMAP qui donne de son temps pour faire le lien entre un producteur\/productrice et les amapiens\/amapiennes<\/p>\n<p>Son r\u00f4le lors des renouvellements de contrat :<\/p>\n<ul>\n<li>mettre le contrat en ligne sur Clic&rsquo;Amap.<\/li>\n<li>v\u00e9rifier les r\u00e8glements et les transmettre au producteur.<\/li>\n<\/ul>\n<p>Son r\u00f4le en cours de contrat :<\/p>\n<ul>\n<li>pendant les distributions, r\u00e9pondre aux personnes venues se renseigner sur l&rsquo;amap<\/li>\n<li>r\u00e9pondre aux emails des adh\u00e9rents<\/li>\n<li>organiser les aides \u00e0 la distribution si n\u00e9cessaire<\/li>\n<li>aider son producteur ou sa productrice dans ses interactions avec l&rsquo;amap<\/li>\n<li>faire passer les messages de son producteur aux amapiens et vice et versa<\/li>\n<li>participer aux r\u00e9unions d&rsquo;AG et de Bureau<\/li>\n<\/ul>\n<p>Tous les autres adh\u00e9rents sont cordialement invit\u00e9s \u00e0 participer aux distributions, en se faisant conna\u00eetre aupr\u00e8s des producteur.trice.s ou en r\u00e9pondant \u00e0 nos mails.<\/p>\n<h2>Liste des r\u00e9f\u00e9rents et r\u00e9f\u00e9rentes de Zolamap<\/h2>\n<ul>\n<li><strong>L\u00e9gumes &amp; Fruits<\/strong> : Annick<\/li>\n<li><strong>Pain &amp; Vin<\/strong> : Emmanuelle<\/li>\n<li><strong>Charcuterie<\/strong> : Caroline et Simon<\/li>\n<li><strong>Oeufs &amp; Poulets<\/strong> : Thibaut<\/li>\n<li><strong>Fromage de ch\u00e8vre<\/strong> : Annick par int\u00e9rim<span class=\"im\"><br \/><\/span><\/li>\n<li><strong>Miel &amp; plantes<\/strong> : Annick par int\u00e9rim<\/li>\n<li><strong>Ch\u00e2taignes, Noix, Lentilles et farine<\/strong>\u00a0: S\u00e9verine<\/li>\n<li><strong>Pots<\/strong> : J\u00e9r\u00f4me et Eliane<\/li>\n<li><strong>Web<\/strong> : Isaac<\/li>\n<li><strong>Tr\u00e9sorerie<\/strong> : S\u00e9verine<\/li>\n<li><strong>Pr\u00e9sidente<\/strong> : Annick<\/li>\n<li><strong>Secr\u00e9taire<\/strong> : Annick<\/li>\n<\/ul>\n\n\n<figure class=\"wp-block-gallery has-nested-images columns-default is-cropped wp-block-gallery-1 is-layout-flex wp-block-gallery-is-layout-flex\">\n<figure class=\"wp-block-image size-large is-style-default\"><img loading=\"lazy\" decoding=\"async\" width=\"768\" height=\"1024\" data-id=\"17166\" src=\"https:\/\/13185511.admin.sd3.gpaas.net\/vhosts\/zolamap.fr\/htdocs\/wp-content\/uploads\/2024\/12\/Emmanuelle-referente-pain-et-vin-Large-768x1024.jpg\" alt=\"\" class=\"wp-image-17166\" srcset=\"https:\/\/zolamap.fr\/wp-content\/uploads\/2024\/12\/Emmanuelle-referente-pain-et-vin-Large-768x1024.jpg 768w, https:\/\/zolamap.fr\/wp-content\/uploads\/2024\/12\/Emmanuelle-referente-pain-et-vin-Large-225x300.jpg 225w, https:\/\/zolamap.fr\/wp-content\/uploads\/2024\/12\/Emmanuelle-referente-pain-et-vin-Large-rotated.jpg 1080w\" sizes=\"auto, (max-width: 768px) 100vw, 768px\" \/><figcaption class=\"wp-element-caption\"><strong>Emmanuelle &#8211; r\u00e9f\u00e9rente pain et vin<\/strong><\/figcaption><\/figure>\n\n\n\n<figure class=\"wp-block-image size-large\"><img loading=\"lazy\" decoding=\"async\" width=\"768\" height=\"1024\" data-id=\"17167\" src=\"https:\/\/13185511.admin.sd3.gpaas.net\/vhosts\/zolamap.fr\/htdocs\/wp-content\/uploads\/2024\/12\/Elise-productrice-Miel-Large-768x1024.jpg\" alt=\"\" class=\"wp-image-17167\" srcset=\"https:\/\/zolamap.fr\/wp-content\/uploads\/2024\/12\/Elise-productrice-Miel-Large-768x1024.jpg 768w, https:\/\/zolamap.fr\/wp-content\/uploads\/2024\/12\/Elise-productrice-Miel-Large-225x300.jpg 225w, https:\/\/zolamap.fr\/wp-content\/uploads\/2024\/12\/Elise-productrice-Miel-Large-rotated.jpg 1080w\" sizes=\"auto, (max-width: 768px) 100vw, 768px\" \/><figcaption class=\"wp-element-caption\"><strong>Elise &#8211; productrice Miel<\/strong><\/figcaption><\/figure>\n\n\n\n<figure class=\"wp-block-image size-large\"><img loading=\"lazy\" decoding=\"async\" width=\"768\" height=\"1024\" data-id=\"17168\" src=\"https:\/\/13185511.admin.sd3.gpaas.net\/vhosts\/zolamap.fr\/htdocs\/wp-content\/uploads\/2024\/12\/Eliane-et-Jerome-referents-Pot-Large-768x1024.jpg\" alt=\"\" class=\"wp-image-17168\" srcset=\"https:\/\/zolamap.fr\/wp-content\/uploads\/2024\/12\/Eliane-et-Jerome-referents-Pot-Large-768x1024.jpg 768w, https:\/\/zolamap.fr\/wp-content\/uploads\/2024\/12\/Eliane-et-Jerome-referents-Pot-Large-225x300.jpg 225w, https:\/\/zolamap.fr\/wp-content\/uploads\/2024\/12\/Eliane-et-Jerome-referents-Pot-Large-rotated.jpg 1080w\" sizes=\"auto, (max-width: 768px) 100vw, 768px\" \/><figcaption class=\"wp-element-caption\"><strong>Eliane et J\u00e9r\u00f4me &#8211; r\u00e9f\u00e9rents Pot<\/strong><\/figcaption><\/figure>\n\n\n\n<figure class=\"wp-block-image size-large\"><img loading=\"lazy\" decoding=\"async\" width=\"768\" height=\"1024\" data-id=\"17169\" src=\"https:\/\/13185511.admin.sd3.gpaas.net\/vhosts\/zolamap.fr\/htdocs\/wp-content\/uploads\/2024\/12\/Ludovic-producteur-pain-et-vin-Large-768x1024.jpg\" alt=\"\" class=\"wp-image-17169\" srcset=\"https:\/\/zolamap.fr\/wp-content\/uploads\/2024\/12\/Ludovic-producteur-pain-et-vin-Large-768x1024.jpg 768w, https:\/\/zolamap.fr\/wp-content\/uploads\/2024\/12\/Ludovic-producteur-pain-et-vin-Large-225x300.jpg 225w, https:\/\/zolamap.fr\/wp-content\/uploads\/2024\/12\/Ludovic-producteur-pain-et-vin-Large-rotated.jpg 1080w\" sizes=\"auto, (max-width: 768px) 100vw, 768px\" \/><figcaption class=\"wp-element-caption\"><strong>Ludovic &#8211; producteur pain et vin<\/strong><\/figcaption><\/figure>\n\n\n\n<figure class=\"wp-block-image size-large\"><img loading=\"lazy\" decoding=\"async\" width=\"768\" height=\"1024\" data-id=\"17170\" src=\"https:\/\/13185511.admin.sd3.gpaas.net\/vhosts\/zolamap.fr\/htdocs\/wp-content\/uploads\/2024\/12\/Isaac-referent-Blog-Large-768x1024.jpg\" alt=\"\" class=\"wp-image-17170\" srcset=\"https:\/\/zolamap.fr\/wp-content\/uploads\/2024\/12\/Isaac-referent-Blog-Large-768x1024.jpg 768w, https:\/\/zolamap.fr\/wp-content\/uploads\/2024\/12\/Isaac-referent-Blog-Large-225x300.jpg 225w, https:\/\/zolamap.fr\/wp-content\/uploads\/2024\/12\/Isaac-referent-Blog-Large-rotated.jpg 1080w\" sizes=\"auto, (max-width: 768px) 100vw, 768px\" \/><figcaption class=\"wp-element-caption\"><strong>Isaac &#8211; r\u00e9f\u00e9rent Blog<\/strong><\/figcaption><\/figure>\n\n\n\n<figure class=\"wp-block-image size-large\"><img loading=\"lazy\" decoding=\"async\" width=\"768\" height=\"1024\" data-id=\"17171\" src=\"https:\/\/13185511.admin.sd3.gpaas.net\/vhosts\/zolamap.fr\/htdocs\/wp-content\/uploads\/2024\/12\/Laurent-producteur-legumes-Large-768x1024.jpg\" alt=\"\" class=\"wp-image-17171\" srcset=\"https:\/\/zolamap.fr\/wp-content\/uploads\/2024\/12\/Laurent-producteur-legumes-Large-768x1024.jpg 768w, https:\/\/zolamap.fr\/wp-content\/uploads\/2024\/12\/Laurent-producteur-legumes-Large-225x300.jpg 225w, https:\/\/zolamap.fr\/wp-content\/uploads\/2024\/12\/Laurent-producteur-legumes-Large-rotated.jpg 1080w\" sizes=\"auto, (max-width: 768px) 100vw, 768px\" \/><figcaption class=\"wp-element-caption\"><strong>Laurent &#8211; producteur l\u00e9gumes<\/strong><\/figcaption><\/figure>\n\n\n\n<figure class=\"wp-block-image size-large\"><img loading=\"lazy\" decoding=\"async\" width=\"768\" height=\"1024\" data-id=\"17172\" src=\"https:\/\/13185511.admin.sd3.gpaas.net\/vhosts\/zolamap.fr\/htdocs\/wp-content\/uploads\/2024\/12\/Thibault-referent-poulet-Large-768x1024.jpg\" alt=\"\" class=\"wp-image-17172\" srcset=\"https:\/\/zolamap.fr\/wp-content\/uploads\/2024\/12\/Thibault-referent-poulet-Large-768x1024.jpg 768w, https:\/\/zolamap.fr\/wp-content\/uploads\/2024\/12\/Thibault-referent-poulet-Large-225x300.jpg 225w, https:\/\/zolamap.fr\/wp-content\/uploads\/2024\/12\/Thibault-referent-poulet-Large-rotated.jpg 1080w\" sizes=\"auto, (max-width: 768px) 100vw, 768px\" \/><figcaption class=\"wp-element-caption\"><strong>Thibault &#8211; r\u00e9f\u00e9rent poulet<\/strong><\/figcaption><\/figure>\n\n\n\n<figure class=\"wp-block-image size-large\"><img loading=\"lazy\" decoding=\"async\" width=\"768\" height=\"1024\" data-id=\"17173\" src=\"https:\/\/13185511.admin.sd3.gpaas.net\/vhosts\/zolamap.fr\/htdocs\/wp-content\/uploads\/2024\/12\/Annick-referente-legumes-et-presidente-Large-768x1024.jpg\" alt=\"\" class=\"wp-image-17173\" srcset=\"https:\/\/zolamap.fr\/wp-content\/uploads\/2024\/12\/Annick-referente-legumes-et-presidente-Large-768x1024.jpg 768w, https:\/\/zolamap.fr\/wp-content\/uploads\/2024\/12\/Annick-referente-legumes-et-presidente-Large-225x300.jpg 225w, https:\/\/zolamap.fr\/wp-content\/uploads\/2024\/12\/Annick-referente-legumes-et-presidente-Large-rotated.jpg 1080w\" sizes=\"auto, (max-width: 768px) 100vw, 768px\" \/><figcaption class=\"wp-element-caption\"><strong>Annick &#8211; r\u00e9f\u00e9rente l\u00e9gumes et pr\u00e9sidente<\/strong><\/figcaption><\/figure>\n\n\n\n<figure class=\"wp-block-image size-large\"><img loading=\"lazy\" decoding=\"async\" width=\"768\" height=\"1024\" data-id=\"17174\" src=\"https:\/\/13185511.admin.sd3.gpaas.net\/vhosts\/zolamap.fr\/htdocs\/wp-content\/uploads\/2024\/12\/Severine-referente-graines-et-farines-et-tresoriere-Large-768x1024.jpg\" alt=\"\" class=\"wp-image-17174\" srcset=\"https:\/\/zolamap.fr\/wp-content\/uploads\/2024\/12\/Severine-referente-graines-et-farines-et-tresoriere-Large-768x1024.jpg 768w, https:\/\/zolamap.fr\/wp-content\/uploads\/2024\/12\/Severine-referente-graines-et-farines-et-tresoriere-Large-225x300.jpg 225w, https:\/\/zolamap.fr\/wp-content\/uploads\/2024\/12\/Severine-referente-graines-et-farines-et-tresoriere-Large-rotated.jpg 1080w\" sizes=\"auto, (max-width: 768px) 100vw, 768px\" \/><figcaption class=\"wp-element-caption\"><strong>S\u00e9verine &#8211; r\u00e9f\u00e9rente graines et farines et tr\u00e9sori\u00e8re<\/strong><\/figcaption><\/figure>\n<\/figure>\n\n\n\n<div class=\"wp-block-media-text is-stacked-on-mobile\" style=\"grid-template-columns:31% auto\"><figure class=\"wp-block-media-text__media\"><img loading=\"lazy\" decoding=\"async\" width=\"768\" height=\"1024\" src=\"https:\/\/13185511.admin.sd3.gpaas.net\/vhosts\/zolamap.fr\/htdocs\/wp-content\/uploads\/2024\/12\/Caroline-referente-viande-de-porc-Large-3-768x1024.jpg\" alt=\"\" class=\"wp-image-17183 size-full\" srcset=\"https:\/\/zolamap.fr\/wp-content\/uploads\/2024\/12\/Caroline-referente-viande-de-porc-Large-3-768x1024.jpg 768w, https:\/\/zolamap.fr\/wp-content\/uploads\/2024\/12\/Caroline-referente-viande-de-porc-Large-3-225x300.jpg 225w, https:\/\/zolamap.fr\/wp-content\/uploads\/2024\/12\/Caroline-referente-viande-de-porc-Large-3-rotated.jpg 1080w\" sizes=\"auto, (max-width: 768px) 100vw, 768px\" \/><\/figure><div class=\"wp-block-media-text__content\">\n<p><br>Caroline r\u00e9f\u00e9rente viande de porc<\/p>\n<\/div><\/div>\n<\/div>","protected":false},"excerpt":{"rendered":"<p>Qu&rsquo;est-ce qu&rsquo;un r\u00e9f\u00e9rent ou une r\u00e9f\u00e9rente ? C&rsquo;est un adh\u00e9rent<a href=\"https:\/\/zolamap.fr\/index.php\/vos-referents\/\">Read More<i class=\"fa fa-long-arrow-right\" aria-hidden=\"true\"><\/i><\/a><\/p>\n","protected":false},"author":1,"featured_media":0,"parent":0,"menu_order":0,"comment_status":"closed","ping_status":"closed","template":"","meta":{"footnotes":""},"class_list":["post-603","page","type-page","status-publish","hentry"],"_links":{"self":[{"href":"https:\/\/zolamap.fr\/index.php\/wp-json\/wp\/v2\/pages\/603","targetHints":{"allow":["GET"]}}],"collection":[{"href":"https:\/\/zolamap.fr\/index.php\/wp-json\/wp\/v2\/pages"}],"about":[{"href":"https:\/\/zolamap.fr\/index.php\/wp-json\/wp\/v2\/types\/page"}],"author":[{"embeddable":true,"href":"https:\/\/zolamap.fr\/index.php\/wp-json\/wp\/v2\/users\/1"}],"replies":[{"embeddable":true,"href":"https:\/\/zolamap.fr\/index.php\/wp-json\/wp\/v2\/comments?post=603"}],"version-history":[{"count":9,"href":"https:\/\/zolamap.fr\/index.php\/wp-json\/wp\/v2\/pages\/603\/revisions"}],"predecessor-version":[{"id":17243,"href":"https:\/\/zolamap.fr\/index.php\/wp-json\/wp\/v2\/pages\/603\/revisions\/17243"}],"wp:attachment":[{"href":"https:\/\/zolamap.fr\/index.php\/wp-json\/wp\/v2\/media?parent=603"}],"curies":[{"name":"wp","href":"https:\/\/api.w.org\/{rel}","templated":true}]}}