{"id":37,"date":"2018-09-03T16:30:31","date_gmt":"2018-09-03T14:30:31","guid":{"rendered":"http:\/\/zolamap.zici.fr\/blog\/?page_id=37"},"modified":"2025-11-02T17:30:35","modified_gmt":"2025-11-02T16:30:35","slug":"oeufs-poulet","status":"publish","type":"page","link":"https:\/\/zolamap.fr\/index.php\/oeufs-poulet\/","title":{"rendered":"Oeufs &#038; Poulet"},"content":{"rendered":"<div class=\"post-content\">\n<p>Produits propos\u00e9s :<\/p>\n\n\n\n<ul class=\"wp-block-list\">\n<li>Plat cuisin\u00e9 \/ bocal : 14,00 \u20ac<\/li>\n\n\n\n<li>Poulet Gros \/ 3 kg : 30,00 \u20ac<\/li>\n\n\n\n<li>Poulet Moyen \/ 2 kg : 20,00 \u20ac<\/li>\n\n\n\n<li>Oeufs \/ par 6 : 2,20 \u20ac<\/li>\n\n\n\n<li>1 Poulet Curry (d\u00e9coup\u00e9 sans carcasse) \/ env. 2kg : 34,00 \u20ac<\/li>\n\n\n\n<li>1 Poulet Mexicaine (d\u00e9coup\u00e9 sans carcasse) \/ env. 2kg : 34,00 \u20ac<\/li>\n\n\n\n<li>1\/2 Poulet Curry (avec carcasse \u00e0 d\u00e9couper) \/ env. 1,2kg : 16,80 \u20ac<\/li>\n\n\n\n<li>1\/2 Poulet Mexicaine (avec carcasse \u00e0 d\u00e9couper) \/ env. 1,2kg : 16,80 \u20ac<\/li>\n<\/ul>\n\n\n\n<p>Les distributions ont lieu <strong><mark style=\"background-color:rgba(0, 0, 0, 0)\" class=\"has-inline-color has-vivid-green-cyan-color\">chaque mois<\/mark><\/strong>. Dans le contrat vous pouvez choisir, pour chaque distribution, parmi les produits propos\u00e9s.<\/p>\n\n\n\n<p>Dates de distribution du contrat hiver 2025-2026 :<\/p>\n\n\n\n<ul class=\"wp-block-list\">\n<li>20\/11\/2025<\/li>\n\n\n\n<li>18\/12\/2025<\/li>\n\n\n\n<li>08\/01\/2026<\/li>\n\n\n\n<li>05\/02\/2026<\/li>\n\n\n\n<li>05\/03\/2026<\/li>\n\n\n\n<li>02\/04\/2026<\/li>\n<\/ul>\n\n\n\n<p>V\u00e9ronique et Julien sont install\u00e9s \u00e0 Saint Romain de Popey, vous retrouverez toutes les informations concernant leur exploitation en allant visiter leur site : <a href=\"https:\/\/fermedestroisoies.fr\/\" target=\"_blank\" rel=\"noreferrer noopener\">https:\/\/fermedestroisoies.fr\/<\/a><\/p>\n\n\n\n<p>Plusieurs fois dans l&rsquo;ann\u00e9e, des contrats \u00ab\u00a0flash\u00a0\u00bb viennent compl\u00e9ter le contrat r\u00e9gulier :<\/p>\n\n\n\n<ul class=\"wp-block-list\">\n<li>Agneau<\/li>\n\n\n\n<li>Pintade<\/li>\n\n\n\n<li>Saucisses d&rsquo;agneau (herbes, merguez&#8230;)<\/li>\n\n\n\n<li>Volailles de No\u00ebl<\/li>\n<\/ul>\n\n\n\n<p>Les contrats sont disponibles sur <a href=\"https:\/\/www.clicamap.org\/\" target=\"_blank\" rel=\"noreferrer noopener\">Clic\u2019amap<\/a><br>Si vous n\u2019avez pas d\u2019acc\u00e8s \u00e0 l\u2019application Clic\u2019amap envoyez un mail \u00e0 <strong><mark style=\"background-color:rgba(0, 0, 0, 0)\" class=\"has-inline-color has-vivid-green-cyan-color\">zolamap.villeurbanne@gmail.com<\/mark><\/strong><\/p>\n\n\n\n<p><\/p>\n\n\n\n<p>La participation \u00e0 une distribution fait partie du contrat. Elle consiste \u00e0 aider le producteur \u00e0 mettre en place avant la distribution, \u00e0 pr\u00e9parer les boites d&rsquo;\u0153ufs et \u00e0 aider \u00e0 ranger \u00e0 la fin de la distribution.<\/p>\n\n\n\n<p><\/p>\n\n\n\n<p><\/p>\n\n\n\n<p><\/p>\n<\/div>","protected":false},"excerpt":{"rendered":"<p>Produits propos\u00e9s : Les distributions ont lieu chaque mois. Dans<a href=\"https:\/\/zolamap.fr\/index.php\/oeufs-poulet\/\">Read More<i class=\"fa fa-long-arrow-right\" aria-hidden=\"true\"><\/i><\/a><\/p>\n","protected":false},"author":1,"featured_media":196,"parent":0,"menu_order":0,"comment_status":"closed","ping_status":"closed","template":"","meta":{"footnotes":""},"class_list":["post-37","page","type-page","status-publish","has-post-thumbnail","hentry"],"_links":{"self":[{"href":"https:\/\/zolamap.fr\/index.php\/wp-json\/wp\/v2\/pages\/37","targetHints":{"allow":["GET"]}}],"collection":[{"href":"https:\/\/zolamap.fr\/index.php\/wp-json\/wp\/v2\/pages"}],"about":[{"href":"https:\/\/zolamap.fr\/index.php\/wp-json\/wp\/v2\/types\/page"}],"author":[{"embeddable":true,"href":"https:\/\/zolamap.fr\/index.php\/wp-json\/wp\/v2\/users\/1"}],"replies":[{"embeddable":true,"href":"https:\/\/zolamap.fr\/index.php\/wp-json\/wp\/v2\/comments?post=37"}],"version-history":[{"count":8,"href":"https:\/\/zolamap.fr\/index.php\/wp-json\/wp\/v2\/pages\/37\/revisions"}],"predecessor-version":[{"id":17589,"href":"https:\/\/zolamap.fr\/index.php\/wp-json\/wp\/v2\/pages\/37\/revisions\/17589"}],"wp:featuredmedia":[{"embeddable":true,"href":"https:\/\/zolamap.fr\/index.php\/wp-json\/wp\/v2\/media\/196"}],"wp:attachment":[{"href":"https:\/\/zolamap.fr\/index.php\/wp-json\/wp\/v2\/media?parent=37"}],"curies":[{"name":"wp","href":"https:\/\/api.w.org\/{rel}","templated":true}]}}