{"id":36,"date":"2018-09-03T16:30:31","date_gmt":"2018-09-03T14:30:31","guid":{"rendered":"http:\/\/zolamap.zici.fr\/blog\/?page_id=36"},"modified":"2024-05-07T10:18:22","modified_gmt":"2024-05-07T08:18:22","slug":"fromages","status":"publish","type":"page","link":"https:\/\/zolamap.fr\/index.php\/fromages\/","title":{"rendered":"Fromages"},"content":{"rendered":"<div class=\"post-content\"><h1><strong> Micka\u00ebl et Laura BONNARD<br \/><\/strong><\/h1>\n<p><strong><span dir=\"ltr\" role=\"presentation\">Les produits sont en Agriculture Biologique :<\/span><\/strong><br role=\"presentation\" \/><span dir=\"ltr\" role=\"presentation\">Buche cendr\u00e9e, \u00e0 l&rsquo;unit\u00e9 :<\/span>\u00a04,00<span dir=\"ltr\" role=\"presentation\">\u00a0\u20ac<\/span><br role=\"presentation\" \/><span dir=\"ltr\" role=\"presentation\">Faisselles par boite de 6 :<\/span> <span dir=\"ltr\" role=\"presentation\">4,00 \u20ac<\/span><br role=\"presentation\" \/><span dir=\"ltr\" role=\"presentation\">Fromage blanc battu en pot de 400gr :<\/span> <span dir=\"ltr\" role=\"presentation\">4,20 \u20ac<\/span><br role=\"presentation\" \/><span dir=\"ltr\" role=\"presentation\">Rouleau de 3 fromages avec un affinage choisi \u00e0 la livraison : 3<\/span> <span dir=\"ltr\" role=\"presentation\">3,00 \u20ac<\/span><br role=\"presentation\" \/><span dir=\"ltr\" role=\"presentation\">Rouleau de 6 fromage avec un affichage choisi \u00e0 la livraison : <\/span><span dir=\"ltr\" role=\"presentation\">5,10 \u20ac<br \/>Sachet ap\u00e9ro, sachet de 90g : 3,20 \u20ac<br \/><\/span><\/p>\n<p><b>Le contrat ch\u00e8vre n&rsquo;est disponible que du mois d&rsquo;avril \u00e0 fin juillet<\/b><\/p>\n<p>Micka\u00ebl et Laura se sont rencontr\u00e9s sur une exploitation laiti\u00e8re, o\u00f9 ils commen\u00e7aient tous les deux leur nouveau m\u00e9tier. Quelques ann\u00e9es plus tard, ils tombent sur la ferme de leurs r\u00eaves \u00e0 Sourcieux, et se lancent dans leur propre aventure !<\/p>\n<p>Les ch\u00e8vres sont nourries avec le fourrage et les c\u00e9r\u00e9ales produits \u00e0 la ferme autant que possible, le reste est achet\u00e9 mais garanti sans OGM!<\/p>\n<p>Tout le lait produit par les ch\u00e8vres est transform\u00e9 en fromage au lait cru, sur l&rsquo;exploitation.<\/p>\n<p>Apr\u00e8s un long investissement dans leur travail, ils sont d\u00e9sormais en Agriculture Biologique.<\/p>\n<p><a href=\"http:\/\/lachevredemilo.fr\/\">Retrouvez plus d&rsquo;info, sur leur site, en cliquant ici !<\/a><\/p>\n<p>Micka\u00ebl et Laura BONNARD<\/p>\n<p>142 Route du Gervais,<\/p>\n<p>69210 Sourcieux-les-Mines<\/p>\n<p><strong>T\u00e9l. : 06-13-42-59-02<br \/><\/strong><\/p>\n\n\n<p><\/p>\n\n\n\n<p><\/p>\n\n\n\n<p><\/p>\n<\/div>","protected":false},"excerpt":{"rendered":"<p>Micka\u00ebl et Laura BONNARD Les produits sont en Agriculture Biologique<a href=\"https:\/\/zolamap.fr\/index.php\/fromages\/\">Read More<i class=\"fa fa-long-arrow-right\" aria-hidden=\"true\"><\/i><\/a><\/p>\n","protected":false},"author":1,"featured_media":622,"parent":0,"menu_order":0,"comment_status":"closed","ping_status":"closed","template":"","meta":{"footnotes":""},"class_list":["post-36","page","type-page","status-publish","has-post-thumbnail","hentry"],"_links":{"self":[{"href":"https:\/\/zolamap.fr\/index.php\/wp-json\/wp\/v2\/pages\/36","targetHints":{"allow":["GET"]}}],"collection":[{"href":"https:\/\/zolamap.fr\/index.php\/wp-json\/wp\/v2\/pages"}],"about":[{"href":"https:\/\/zolamap.fr\/index.php\/wp-json\/wp\/v2\/types\/page"}],"author":[{"embeddable":true,"href":"https:\/\/zolamap.fr\/index.php\/wp-json\/wp\/v2\/users\/1"}],"replies":[{"embeddable":true,"href":"https:\/\/zolamap.fr\/index.php\/wp-json\/wp\/v2\/comments?post=36"}],"version-history":[{"count":1,"href":"https:\/\/zolamap.fr\/index.php\/wp-json\/wp\/v2\/pages\/36\/revisions"}],"predecessor-version":[{"id":3100,"href":"https:\/\/zolamap.fr\/index.php\/wp-json\/wp\/v2\/pages\/36\/revisions\/3100"}],"wp:featuredmedia":[{"embeddable":true,"href":"https:\/\/zolamap.fr\/index.php\/wp-json\/wp\/v2\/media\/622"}],"wp:attachment":[{"href":"https:\/\/zolamap.fr\/index.php\/wp-json\/wp\/v2\/media?parent=36"}],"curies":[{"name":"wp","href":"https:\/\/api.w.org\/{rel}","templated":true}]}}