{"id":34,"date":"2018-09-03T16:30:31","date_gmt":"2018-09-03T14:30:31","guid":{"rendered":"http:\/\/zolamap.zici.fr\/blog\/?page_id=34"},"modified":"2025-12-04T07:12:56","modified_gmt":"2025-12-04T06:12:56","slug":"fruits-legumes","status":"publish","type":"page","link":"https:\/\/zolamap.fr\/index.php\/fruits-legumes\/","title":{"rendered":"Fruits &#038; L\u00e9gumes"},"content":{"rendered":"<div class=\"post-content\"><h1><strong>Laurent et Estelle BERNE<\/strong><\/h1>\n<p>Le contrat l\u00e9gumes et fruits se d\u00e9cline en 2 versions :<\/p>\n<ul>\n<li><strong>Panier classique \u00e0 12 euros <\/strong>par semaine<\/li>\n<li><strong>Grand panier \u00e0 17 euros.<\/strong><br \/>\nLe contenu des deux paniers est identique, seule la quantit\u00e9 livr\u00e9e change.<\/li>\n<li><strong>Panier suppl\u00e9ment fruits \u00e0 5 euros<\/strong> est disponible pendant les contrats \u00e9t\u00e9, il est distribu\u00e9 de juin \u00e0 septembre.<\/li>\n<li><strong>Panier compl\u00e9ment l\u00e9gumes<\/strong> est disponible pendant le contrat hiver. Ce sont des produits pr\u00e9par\u00e9s \u00e0 partir des fruits et l\u00e9gumes de l&rsquo;exploitation. Contrairement au panier l\u00e9gumes :<br \/>\n&#8211; il est livr\u00e9 toutes les 2 semaines,<br \/>\n&#8211; il est possible de choisir son contenu<br \/>\n&#8211; le contenu peut \u00eatre diff\u00e9rent \u00e0 chaque livraison et toutes les dates ne sont pas obligatoires<\/li>\n<\/ul>\n<p>Le contrat \u00e9t\u00e9 a d\u00e9but\u00e9 en mai et se terminera en octobre.<\/p>\n<p><span style=\"font-size: revert; color: initial;\">Jusqu&rsquo;\u00e0 la date de d\u00e9marrage les contrats sont disponibles sur <\/span><a style=\"font-size: revert;\" href=\"https:\/\/www.clicamap.org\/\">Clic&rsquo;amap<\/a>. Pour y souscrire apr\u00e8s le d\u00e9marrage contactez nous et nous nous ferons un plaisir de le saisir pour vous.<\/p>\n<p>Si vous n&rsquo;avez pas d&rsquo;acc\u00e8s \u00e0 l&rsquo;application Clic&rsquo;amap envoyez un mail \u00e0 zolamap.villeurbanne@gmail.com afin que l&rsquo;on vous ajoute en tant qu&rsquo;amapien<\/p>\n<figure id=\"attachment_677\" aria-describedby=\"caption-attachment-677\" style=\"width: 252px\" class=\"wp-caption alignleft\"><img loading=\"lazy\" decoding=\"async\" class=\" wp-image-677\" src=\"https:\/\/13185511.admin.sd3.gpaas.net\/vhosts\/zolamap.fr\/htdocs\/wp-content\/uploads\/2019\/03\/IMG_20180602_164543_1-300x225.jpg\" alt=\"\" width=\"252\" height=\"189\" srcset=\"https:\/\/zolamap.fr\/wp-content\/uploads\/2019\/03\/IMG_20180602_164543_1-300x225.jpg 300w, https:\/\/zolamap.fr\/wp-content\/uploads\/2019\/03\/IMG_20180602_164543_1-768x576.jpg 768w, https:\/\/zolamap.fr\/wp-content\/uploads\/2019\/03\/IMG_20180602_164543_1.jpg 832w\" sizes=\"auto, (max-width: 252px) 100vw, 252px\" \/><figcaption id=\"caption-attachment-677\" class=\"wp-caption-text\">Verger<\/figcaption><\/figure>\n<figure id=\"attachment_676\" aria-describedby=\"caption-attachment-676\" style=\"width: 252px\" class=\"wp-caption alignleft\"><img loading=\"lazy\" decoding=\"async\" class=\" wp-image-676\" src=\"https:\/\/13185511.admin.sd3.gpaas.net\/vhosts\/zolamap.fr\/htdocs\/wp-content\/uploads\/2019\/03\/IMG_20180602_163759-300x225.jpg\" alt=\"\" width=\"252\" height=\"189\" srcset=\"https:\/\/zolamap.fr\/wp-content\/uploads\/2019\/03\/IMG_20180602_163759-300x225.jpg 300w, https:\/\/zolamap.fr\/wp-content\/uploads\/2019\/03\/IMG_20180602_163759-768x576.jpg 768w, https:\/\/zolamap.fr\/wp-content\/uploads\/2019\/03\/IMG_20180602_163759.jpg 832w\" sizes=\"auto, (max-width: 252px) 100vw, 252px\" \/><figcaption id=\"caption-attachment-676\" class=\"wp-caption-text\">Sous la serre<\/figcaption><\/figure>\n<p><img loading=\"lazy\" decoding=\"async\" class=\" wp-image-678\" src=\"https:\/\/13185511.admin.sd3.gpaas.net\/vhosts\/zolamap.fr\/htdocs\/wp-content\/uploads\/2019\/03\/IMG_20180602_172712-300x225.jpg\" alt=\"\" width=\"252\" height=\"189\" srcset=\"https:\/\/zolamap.fr\/wp-content\/uploads\/2019\/03\/IMG_20180602_172712-300x225.jpg 300w, https:\/\/zolamap.fr\/wp-content\/uploads\/2019\/03\/IMG_20180602_172712-768x576.jpg 768w, https:\/\/zolamap.fr\/wp-content\/uploads\/2019\/03\/IMG_20180602_172712.jpg 832w\" sizes=\"auto, (max-width: 252px) 100vw, 252px\" \/>Plein champ<\/p>\n<p>Estelle et Laurent Berne sont install\u00e9s \u00e0 Thurins. Depuis 1993 ils cultivent des fruits et des l\u00e9gumes sur les 11 hectares de leur exploitation.<br \/>\nIls travaillent en agriculture raisonn\u00e9e.<\/p>\n<p>Le panier l\u00e9gume est livr\u00e9 toutes les semaines.<br \/>\nIl est possible de demander <em>1 ou 2 jokers <\/em>par contrat. Il permet de d\u00e9caler 1 livraison sur une autre date. Le joker est obligatoirement soumis \u00e0 validation par Laurent pour \u00e9viter qu&rsquo;il n&rsquo;y en ait trop sur une m\u00eame date.<br \/>\n<em>La participation \u00e0 une distribution<\/em> fait partie du contrat. Elle consiste \u00e0 aider le producteur \u00e0 mettre en place avant la distribution, de pr\u00e9parer les plateaux pendant la distribution et d&rsquo;aider \u00e0 ranger apr\u00e8s. Outre les \u00e9changes avec les autres aidants et les amapiens, \u00e0 la fin de la distribution les participants sont r\u00e9compens\u00e9s par le partage des paniers non r\u00e9cup\u00e9r\u00e9s.<\/p>\n<p><strong>Au fil des saisons on trouve dans les paniers :<\/strong><br \/>\n&#8211; Aubergine,<br \/>\n&#8211; Betterave rouge cuite ou crue, Blette, Butternuts,<br \/>\n&#8211; Carotte, C\u00e9leri branche, C\u00e9leri rave, Champignon, Choux de Bruxelles, Choux fleur, Choux fris\u00e9, Choux rouge, courgette<br \/>\n&#8211; Echalotte, Epinard,<br \/>\n&#8211; Fenouil,<br \/>\n&#8211; Haricot,<br \/>\n&#8211; M\u00e2che<br \/>\n&#8211; Navet<br \/>\n&#8211; Oignon,<br \/>\n&#8211; Panais, Persil, Petit pois, Poireaux, Poivron, Pomme de terre, Potimarron<br \/>\n&#8211; Radis rose et noir, Ratte<br \/>\n&#8211; Salade verte<br \/>\n&#8211; Topinambour<br \/>\n&#8211; &#8230;\/&#8230;<br \/>\nMais aussi : jus de fruit, brugnons, cerises, coing, fraises, fruits rouge, p\u00e8che rouge, blanche, de vigne ou plate, poire, pomme,<\/p>\n<\/div>","protected":false},"excerpt":{"rendered":"<p>Laurent et Estelle BERNE Le contrat l\u00e9gumes et fruits se<a href=\"https:\/\/zolamap.fr\/index.php\/fruits-legumes\/\">Read More<i class=\"fa fa-long-arrow-right\" aria-hidden=\"true\"><\/i><\/a><\/p>\n","protected":false},"author":1,"featured_media":0,"parent":0,"menu_order":0,"comment_status":"closed","ping_status":"open","template":"","meta":{"footnotes":""},"class_list":["post-34","page","type-page","status-publish","hentry"],"_links":{"self":[{"href":"https:\/\/zolamap.fr\/index.php\/wp-json\/wp\/v2\/pages\/34","targetHints":{"allow":["GET"]}}],"collection":[{"href":"https:\/\/zolamap.fr\/index.php\/wp-json\/wp\/v2\/pages"}],"about":[{"href":"https:\/\/zolamap.fr\/index.php\/wp-json\/wp\/v2\/types\/page"}],"author":[{"embeddable":true,"href":"https:\/\/zolamap.fr\/index.php\/wp-json\/wp\/v2\/users\/1"}],"replies":[{"embeddable":true,"href":"https:\/\/zolamap.fr\/index.php\/wp-json\/wp\/v2\/comments?post=34"}],"version-history":[{"count":6,"href":"https:\/\/zolamap.fr\/index.php\/wp-json\/wp\/v2\/pages\/34\/revisions"}],"predecessor-version":[{"id":17761,"href":"https:\/\/zolamap.fr\/index.php\/wp-json\/wp\/v2\/pages\/34\/revisions\/17761"}],"wp:attachment":[{"href":"https:\/\/zolamap.fr\/index.php\/wp-json\/wp\/v2\/media?parent=34"}],"curies":[{"name":"wp","href":"https:\/\/api.w.org\/{rel}","templated":true}]}}