{"id":3101,"date":"2024-05-08T09:48:06","date_gmt":"2024-05-08T07:48:06","guid":{"rendered":"http:\/\/zolamap.zici.fr\/blog\/?page_id=3101"},"modified":"2024-11-06T13:07:27","modified_gmt":"2024-11-06T12:07:27","slug":"pates-et-farines","status":"publish","type":"page","link":"https:\/\/zolamap.fr\/index.php\/pates-et-farines\/","title":{"rendered":"P\u00e2tes et farines"},"content":{"rendered":"<div class=\"post-content\">\n<figure class=\"wp-block-image size-full\"><img loading=\"lazy\" decoding=\"async\" width=\"782\" height=\"528\" src=\"https:\/\/13185511.admin.sd3.gpaas.net\/vhosts\/zolamap.fr\/htdocs\/wp-content\/uploads\/2024\/05\/Capture.png\" alt=\"\" class=\"wp-image-3102\" srcset=\"https:\/\/zolamap.fr\/wp-content\/uploads\/2024\/05\/Capture.png 782w, https:\/\/zolamap.fr\/wp-content\/uploads\/2024\/05\/Capture-300x203.png 300w, https:\/\/zolamap.fr\/wp-content\/uploads\/2024\/05\/Capture-768x519.png 768w\" sizes=\"auto, (max-width: 782px) 100vw, 782px\" \/><\/figure>\n\n\n\n<p>Depuis janvier 2023, Samuel Fourmy produit de la farine de bl\u00e9 bio. Le bl\u00e9 est s\u00e9lectionn\u00e9, tri\u00e9, stock\u00e9 et \u00e9cras\u00e9 avec un moulin \u00e0 meule de pierre sur notre exploitation.<br>Il a am\u00e9nag\u00e9 un laboratoire pour les p\u00e2tes, une meunerie, un stockage et un magasin sur notre ferme (ouverture \u00e0 l&rsquo;automne).<br>L&rsquo; exploitation agricole install\u00e9e depuis le 1er janvier 2000 en c\u00e9r\u00e9ales, a \u00e9t\u00e9 convertie en agriculture biologique en 2018.<\/p>\n\n\n\n<p>Samuel nous a \u00e9t\u00e9 recommand\u00e9 par son voisin, notre producteur de lentilles Nicolas Zimerli.<\/p>\n\n\n\n<p class=\"has-luminous-vivid-amber-background-color has-background\">Samuel propose une livraison tous les 2 mois : le 05 d\u00e9cembre 2024, le 13 f\u00e9vrier 2025, le 17 avril 2025, sous forme de contrat flash disponible sur Clic&rsquo;Amap 2 semaines avant la distribution.<\/p>\n\n\n\n<figure class=\"wp-block-image size-full\"><img loading=\"lazy\" decoding=\"async\" width=\"399\" height=\"49\" src=\"https:\/\/13185511.admin.sd3.gpaas.net\/vhosts\/zolamap.fr\/htdocs\/wp-content\/uploads\/2024\/05\/Capture-2.png\" alt=\"\" class=\"wp-image-3116\" srcset=\"https:\/\/zolamap.fr\/wp-content\/uploads\/2024\/05\/Capture-2.png 399w, https:\/\/zolamap.fr\/wp-content\/uploads\/2024\/05\/Capture-2-300x37.png 300w\" sizes=\"auto, (max-width: 399px) 100vw, 399px\" \/><\/figure>\n\n\n\n<figure class=\"wp-block-image size-full\"><img loading=\"lazy\" decoding=\"async\" width=\"399\" height=\"311\" src=\"https:\/\/13185511.admin.sd3.gpaas.net\/vhosts\/zolamap.fr\/htdocs\/wp-content\/uploads\/2024\/05\/Capture-3.png\" alt=\"\" class=\"wp-image-3117\" srcset=\"https:\/\/zolamap.fr\/wp-content\/uploads\/2024\/05\/Capture-3.png 399w, https:\/\/zolamap.fr\/wp-content\/uploads\/2024\/05\/Capture-3-300x234.png 300w\" sizes=\"auto, (max-width: 399px) 100vw, 399px\" \/><\/figure>\n<\/div>","protected":false},"excerpt":{"rendered":"<p>Depuis janvier 2023, Samuel Fourmy produit de la farine de<a href=\"https:\/\/zolamap.fr\/index.php\/pates-et-farines\/\">Read More<i class=\"fa fa-long-arrow-right\" aria-hidden=\"true\"><\/i><\/a><\/p>\n","protected":false},"author":1,"featured_media":0,"parent":0,"menu_order":0,"comment_status":"closed","ping_status":"closed","template":"","meta":{"footnotes":""},"class_list":["post-3101","page","type-page","status-publish","hentry"],"_links":{"self":[{"href":"https:\/\/zolamap.fr\/index.php\/wp-json\/wp\/v2\/pages\/3101","targetHints":{"allow":["GET"]}}],"collection":[{"href":"https:\/\/zolamap.fr\/index.php\/wp-json\/wp\/v2\/pages"}],"about":[{"href":"https:\/\/zolamap.fr\/index.php\/wp-json\/wp\/v2\/types\/page"}],"author":[{"embeddable":true,"href":"https:\/\/zolamap.fr\/index.php\/wp-json\/wp\/v2\/users\/1"}],"replies":[{"embeddable":true,"href":"https:\/\/zolamap.fr\/index.php\/wp-json\/wp\/v2\/comments?post=3101"}],"version-history":[{"count":5,"href":"https:\/\/zolamap.fr\/index.php\/wp-json\/wp\/v2\/pages\/3101\/revisions"}],"predecessor-version":[{"id":17131,"href":"https:\/\/zolamap.fr\/index.php\/wp-json\/wp\/v2\/pages\/3101\/revisions\/17131"}],"wp:attachment":[{"href":"https:\/\/zolamap.fr\/index.php\/wp-json\/wp\/v2\/media?parent=3101"}],"curies":[{"name":"wp","href":"https:\/\/api.w.org\/{rel}","templated":true}]}}