{"id":1340,"date":"2020-09-14T07:03:53","date_gmt":"2020-09-14T05:03:53","guid":{"rendered":"http:\/\/zolamap.zici.fr\/blog\/?page_id=1340"},"modified":"2025-09-03T08:52:00","modified_gmt":"2025-09-03T06:52:00","slug":"chataignes-noix-lentilles","status":"publish","type":"page","link":"https:\/\/zolamap.fr\/index.php\/chataignes-noix-lentilles\/","title":{"rendered":"Ch\u00e2taignes &#038; Noix &#038; Lentilles"},"content":{"rendered":"<div class=\"post-content\">\n<p>Trois Producteurs pour trois graines ultra-pr\u00e9cieuses dans nos alimentations, tous BIO !<br>Et une seul r\u00e9f\u00e9rente, S\u00e9verine. <\/p>\n\n\n\n<p class=\"has-electric-grass-gradient-background has-background\">Les contrats sont \u00e0 remplir sur Clic&rsquo;Amap sous forme de contrats flashs disponibles 2 semaines avant la livraison.<\/p>\n\n\n\n<p>Les ch\u00e8ques \u00e0 donner au producteur lors de la distribution.<\/p>\n\n\n\n<p><\/p>\n\n\n\n<p><\/p>\n\n\n\n<p><\/p>\n\n\n\n<h2 class=\"wp-block-heading\"><strong><mark style=\"background-color:#ff6900\" class=\"has-inline-color has-black-color\">Noix &#8211; Ferme du Ch\u00e2teau de Varacieux (38)<\/mark><\/strong><\/h2>\n\n\n\n<p><\/p>\n\n\n\n<figure class=\"wp-block-image\"><img decoding=\"async\" src=\"https:\/\/lh7-us.googleusercontent.com\/SSCOzT5dawDikSxiQa9a_K-VWO_FYciPeamFq9iiUDw13pSDBd7Ts3leoC_325fLaCsoetwstrHTScROncUd00yJPvxEAtMBQERfJrRQIkS2netLdEf68iBWVVNCcHlU7GdT5wpBQ1ZZJh8Xz9PtnsmwpWxfGfRwBborXGAmHVisou14jtQfgZQFGWtbWw\" alt=\"\"\/><\/figure>\n\n\n\n<p>La ferme du Ch\u00e2teau de Varacieux est une entreprise familiale pratiquant une agriculture traditionnelle sans traitement, ni d\u00e9sherbant, ni irrigation. Le domaine est constitu\u00e9 d\u2019une noyeraie, d\u2019un rucher, d\u2019une ch\u00e2taigneraie et de prairies o\u00f9 paissent quelques vaches.<\/p>\n\n\n\n<p>Certification Bio Ecocert<\/p>\n\n\n\n<p>Produits propos\u00e9s<\/p>\n\n\n\n<ul class=\"wp-block-list\">\n<li>Noix s\u00e8ches en coque : Filet de 2 kg : 12,5\u20ac<\/li>\n<\/ul>\n\n\n\n<ul class=\"wp-block-list\">\n<li>Noix s\u00e8ches en coque : Filet de 5 kg : 31\u20ac<\/li>\n\n\n\n<li>Noix s\u00e8ches en coque : en vrac : 6\u20ac le kilo<\/li>\n\n\n\n<li>Cerneau de noix : sachet de 250gr : 7,5\u20ac<\/li>\n\n\n\n<li>Farine de noix : 250gr : 4\u20ac<\/li>\n\n\n\n<li>Flacon de 25 cl d&rsquo;huile de noix : 8\u20ac<\/li>\n\n\n\n<li>Flacon de 50 cl d&rsquo;huile de noix : 14\u20ac<\/li>\n<\/ul>\n\n\n\n<p><\/p>\n\n\n\n<p><mark style=\"background-color:#ff6900\" class=\"has-inline-color has-black-color\">Date de distribution : le 27 novembre 2025<\/mark><\/p>\n\n\n\n<h2 class=\"wp-block-heading\"><strong><mark style=\"background-color:#00d084\" class=\"has-inline-color has-black-color\">Lentilles &#8211; Ain (01)<\/mark><\/strong><\/h2>\n\n\n\n<p><em>Trois vari\u00e9t\u00e9s de lentilles (vertes, blondes, corail) pour ce c\u00e9r\u00e9alier tout proche de nous (17 Km vers l\u2019est !) qui travaille depuis plus de 5 ans en agriculture biologique. La lentille permet d\u2019apporter des prot\u00e9ines v\u00e9g\u00e9tales, et ainsi de r\u00e9duire la consommation de viande.<\/em><\/p>\n\n\n\n<p><em>Apr\u00e8s une ann\u00e9e de test en 2021, les pois cass\u00e9s sont enfin pr\u00eats et permettent d\u2019ajouter de la diversit\u00e9 dans les l\u00e9gumineuses \u00e0 consommer pendant l\u2019hiver.<\/em><\/p>\n\n\n\n<p>Produits propos\u00e9s<\/p>\n\n\n\n<ul class=\"wp-block-list\">\n<li>1 kg lentille verte : 6 euros<\/li>\n\n\n\n<li>1 kg lentille blonde : 6 euros<\/li>\n\n\n\n<li>1 kg lentille corail : 6.5 euros<\/li>\n\n\n\n<li>1 kg pois cass\u00e9s : 6 euros<\/li>\n\n\n\n<li>1 kg faine lentille verte : 7 euros<\/li>\n\n\n\n<li>500 gr millet d\u00e9cortiqu\u00e9 : 3.5 euros<\/li>\n<\/ul>\n\n\n\n<p><mark style=\"background-color:#00d084\" class=\"has-inline-color has-black-color\">Dates des distributions : \u00e0 venir&#8230;<\/mark><\/p>\n\n\n\n<figure class=\"wp-block-embed is-type-video is-provider-youtube wp-block-embed-youtube wp-embed-aspect-16-9 wp-has-aspect-ratio\"><div class=\"wp-block-embed__wrapper\">\nhttps:\/\/www.youtube.com\/watch?v=ebLcFSxcki0\n<\/div><\/figure>\n<\/div>","protected":false},"excerpt":{"rendered":"<p>Trois Producteurs pour trois graines ultra-pr\u00e9cieuses dans nos alimentations, tous<a href=\"https:\/\/zolamap.fr\/index.php\/chataignes-noix-lentilles\/\">Read More<i class=\"fa fa-long-arrow-right\" aria-hidden=\"true\"><\/i><\/a><\/p>\n","protected":false},"author":1,"featured_media":0,"parent":0,"menu_order":0,"comment_status":"closed","ping_status":"closed","template":"","meta":{"footnotes":""},"class_list":["post-1340","page","type-page","status-publish","hentry"],"_links":{"self":[{"href":"https:\/\/zolamap.fr\/index.php\/wp-json\/wp\/v2\/pages\/1340","targetHints":{"allow":["GET"]}}],"collection":[{"href":"https:\/\/zolamap.fr\/index.php\/wp-json\/wp\/v2\/pages"}],"about":[{"href":"https:\/\/zolamap.fr\/index.php\/wp-json\/wp\/v2\/types\/page"}],"author":[{"embeddable":true,"href":"https:\/\/zolamap.fr\/index.php\/wp-json\/wp\/v2\/users\/1"}],"replies":[{"embeddable":true,"href":"https:\/\/zolamap.fr\/index.php\/wp-json\/wp\/v2\/comments?post=1340"}],"version-history":[{"count":9,"href":"https:\/\/zolamap.fr\/index.php\/wp-json\/wp\/v2\/pages\/1340\/revisions"}],"predecessor-version":[{"id":17526,"href":"https:\/\/zolamap.fr\/index.php\/wp-json\/wp\/v2\/pages\/1340\/revisions\/17526"}],"wp:attachment":[{"href":"https:\/\/zolamap.fr\/index.php\/wp-json\/wp\/v2\/media?parent=1340"}],"curies":[{"name":"wp","href":"https:\/\/api.w.org\/{rel}","templated":true}]}}